{"id":2587,"date":"2025-10-15T11:18:12","date_gmt":"2025-10-15T07:48:12","guid":{"rendered":"https:\/\/isco-stone.com\/product\/kashan-chocolate-wavy-travertine\/"},"modified":"2025-11-23T13:08:02","modified_gmt":"2025-11-23T09:38:02","slug":"kashan-chocolate-wavy-travertine","status":"publish","type":"product","link":"https:\/\/isco-stone.com\/tr\/urun\/kashan-chocolate-wavy-travertine\/","title":{"rendered":"Ka\u015fan \u00c7ikolata Dalgal\u0131 Traverteni"},"content":{"rendered":"","protected":false},"excerpt":{"rendered":"","protected":false},"featured_media":2588,"comment_status":"closed","ping_status":"closed","template":"","meta":[],"product_brand":[],"product_cat":[214],"product_tag":[],"class_list":{"0":"post-2587","1":"product","2":"type-product","3":"status-publish","4":"has-post-thumbnail","6":"product_cat-traverten","8":"first","9":"instock","10":"shipping-taxable","11":"product-type-simple"},"_links":{"self":[{"href":"https:\/\/isco-stone.com\/tr\/wp-json\/wp\/v2\/product\/2587","targetHints":{"allow":["GET"]}}],"collection":[{"href":"https:\/\/isco-stone.com\/tr\/wp-json\/wp\/v2\/product"}],"about":[{"href":"https:\/\/isco-stone.com\/tr\/wp-json\/wp\/v2\/types\/product"}],"replies":[{"embeddable":true,"href":"https:\/\/isco-stone.com\/tr\/wp-json\/wp\/v2\/comments?post=2587"}],"version-history":[{"count":1,"href":"https:\/\/isco-stone.com\/tr\/wp-json\/wp\/v2\/product\/2587\/revisions"}],"predecessor-version":[{"id":2607,"href":"https:\/\/isco-stone.com\/tr\/wp-json\/wp\/v2\/product\/2587\/revisions\/2607"}],"wp:featuredmedia":[{"embeddable":true,"href":"https:\/\/isco-stone.com\/tr\/wp-json\/wp\/v2\/media\/2588"}],"wp:attachment":[{"href":"https:\/\/isco-stone.com\/tr\/wp-json\/wp\/v2\/media?parent=2587"}],"wp:term":[{"taxonomy":"product_brand","embeddable":true,"href":"https:\/\/isco-stone.com\/tr\/wp-json\/wp\/v2\/product_brand?post=2587"},{"taxonomy":"product_cat","embeddable":true,"href":"https:\/\/isco-stone.com\/tr\/wp-json\/wp\/v2\/product_cat?post=2587"},{"taxonomy":"product_tag","embeddable":true,"href":"https:\/\/isco-stone.com\/tr\/wp-json\/wp\/v2\/product_tag?post=2587"}],"curies":[{"name":"wp","href":"https:\/\/api.w.org\/{rel}","templated":true}]}}