{"id":2582,"date":"2025-10-15T11:24:19","date_gmt":"2025-10-15T07:54:19","guid":{"rendered":"https:\/\/isco-stone.com\/product\/miandoab-silver-travertine\/"},"modified":"2025-11-23T13:07:43","modified_gmt":"2025-11-23T09:37:43","slug":"miandoab-silver-travertine","status":"publish","type":"product","link":"https:\/\/isco-stone.com\/tr\/urun\/miandoab-silver-travertine\/","title":{"rendered":"Miandoab G\u00fcm\u00fc\u015f Traverteni"},"content":{"rendered":"","protected":false},"excerpt":{"rendered":"","protected":false},"featured_media":2584,"comment_status":"closed","ping_status":"closed","template":"","meta":[],"product_brand":[],"product_cat":[214],"product_tag":[],"class_list":{"0":"post-2582","1":"product","2":"type-product","3":"status-publish","4":"has-post-thumbnail","6":"product_cat-traverten","8":"first","9":"instock","10":"shipping-taxable","11":"product-type-simple"},"_links":{"self":[{"href":"https:\/\/isco-stone.com\/tr\/wp-json\/wp\/v2\/product\/2582","targetHints":{"allow":["GET"]}}],"collection":[{"href":"https:\/\/isco-stone.com\/tr\/wp-json\/wp\/v2\/product"}],"about":[{"href":"https:\/\/isco-stone.com\/tr\/wp-json\/wp\/v2\/types\/product"}],"replies":[{"embeddable":true,"href":"https:\/\/isco-stone.com\/tr\/wp-json\/wp\/v2\/comments?post=2582"}],"version-history":[{"count":1,"href":"https:\/\/isco-stone.com\/tr\/wp-json\/wp\/v2\/product\/2582\/revisions"}],"predecessor-version":[{"id":2605,"href":"https:\/\/isco-stone.com\/tr\/wp-json\/wp\/v2\/product\/2582\/revisions\/2605"}],"wp:featuredmedia":[{"embeddable":true,"href":"https:\/\/isco-stone.com\/tr\/wp-json\/wp\/v2\/media\/2584"}],"wp:attachment":[{"href":"https:\/\/isco-stone.com\/tr\/wp-json\/wp\/v2\/media?parent=2582"}],"wp:term":[{"taxonomy":"product_brand","embeddable":true,"href":"https:\/\/isco-stone.com\/tr\/wp-json\/wp\/v2\/product_brand?post=2582"},{"taxonomy":"product_cat","embeddable":true,"href":"https:\/\/isco-stone.com\/tr\/wp-json\/wp\/v2\/product_cat?post=2582"},{"taxonomy":"product_tag","embeddable":true,"href":"https:\/\/isco-stone.com\/tr\/wp-json\/wp\/v2\/product_tag?post=2582"}],"curies":[{"name":"wp","href":"https:\/\/api.w.org\/{rel}","templated":true}]}}