{"id":2548,"date":"2025-10-15T11:40:38","date_gmt":"2025-10-15T08:10:38","guid":{"rendered":"https:\/\/isco-stone.com\/product\/kashan-desert-marble\/"},"modified":"2025-11-23T12:59:56","modified_gmt":"2025-11-23T09:29:56","slug":"kashan-desert-marble","status":"publish","type":"product","link":"https:\/\/isco-stone.com\/tr\/urun\/kashan-desert-marble\/","title":{"rendered":"Ka\u015fan \u00c7\u00f6l\u00fc Mermeri"},"content":{"rendered":"","protected":false},"excerpt":{"rendered":"","protected":false},"featured_media":2549,"comment_status":"closed","ping_status":"closed","template":"","meta":[],"product_brand":[],"product_cat":[211],"product_tag":[],"class_list":{"0":"post-2548","1":"product","2":"type-product","3":"status-publish","4":"has-post-thumbnail","6":"product_cat-mermer","8":"first","9":"instock","10":"shipping-taxable","11":"product-type-simple"},"_links":{"self":[{"href":"https:\/\/isco-stone.com\/tr\/wp-json\/wp\/v2\/product\/2548","targetHints":{"allow":["GET"]}}],"collection":[{"href":"https:\/\/isco-stone.com\/tr\/wp-json\/wp\/v2\/product"}],"about":[{"href":"https:\/\/isco-stone.com\/tr\/wp-json\/wp\/v2\/types\/product"}],"replies":[{"embeddable":true,"href":"https:\/\/isco-stone.com\/tr\/wp-json\/wp\/v2\/comments?post=2548"}],"version-history":[{"count":2,"href":"https:\/\/isco-stone.com\/tr\/wp-json\/wp\/v2\/product\/2548\/revisions"}],"predecessor-version":[{"id":2573,"href":"https:\/\/isco-stone.com\/tr\/wp-json\/wp\/v2\/product\/2548\/revisions\/2573"}],"wp:featuredmedia":[{"embeddable":true,"href":"https:\/\/isco-stone.com\/tr\/wp-json\/wp\/v2\/media\/2549"}],"wp:attachment":[{"href":"https:\/\/isco-stone.com\/tr\/wp-json\/wp\/v2\/media?parent=2548"}],"wp:term":[{"taxonomy":"product_brand","embeddable":true,"href":"https:\/\/isco-stone.com\/tr\/wp-json\/wp\/v2\/product_brand?post=2548"},{"taxonomy":"product_cat","embeddable":true,"href":"https:\/\/isco-stone.com\/tr\/wp-json\/wp\/v2\/product_cat?post=2548"},{"taxonomy":"product_tag","embeddable":true,"href":"https:\/\/isco-stone.com\/tr\/wp-json\/wp\/v2\/product_tag?post=2548"}],"curies":[{"name":"wp","href":"https:\/\/api.w.org\/{rel}","templated":true}]}}