{"id":2396,"date":"2025-10-20T10:07:18","date_gmt":"2025-10-20T06:37:18","guid":{"rendered":"https:\/\/isco-stone.com\/quarry\/"},"modified":"2025-11-23T12:23:15","modified_gmt":"2025-11-23T08:53:15","slug":"quarry","status":"publish","type":"page","link":"https:\/\/isco-stone.com\/tr\/quarry\/","title":{"rendered":"Quarry"},"content":{"rendered":"\t\t<div data-elementor-type=\"wp-page\" data-elementor-id=\"2396\" class=\"elementor elementor-2396 elementor-1496\" data-elementor-post-type=\"page\">\n\t\t\t\t<div class=\"elementor-element elementor-element-97bfee6 e-con-full e-flex e-con e-parent\" data-id=\"97bfee6\" data-element_type=\"container\" data-settings=\"{&quot;background_background&quot;:&quot;gradient&quot;}\">\n\t\t<div class=\"elementor-element elementor-element-1585c73 e-con-full e-flex e-con e-child\" data-id=\"1585c73\" data-element_type=\"container\">\n\t\t\t\t<div class=\"elementor-element elementor-element-c175880 elementor-widget elementor-widget-heading\" data-id=\"c175880\" data-element_type=\"widget\" data-widget_type=\"heading.default\">\n\t\t\t\t\t<h2 class=\"elementor-heading-title elementor-size-default\"><br>Pourhassani Madencilik ve Ta\u015f Ocak\u00e7\u0131lar\u0131 Grubu<\/h2>\t\t\t\t<\/div>\n\t\t\t\t<div class=\"elementor-element elementor-element-b3f7cea elementor-widget elementor-widget-text-editor\" data-id=\"b3f7cea\" data-element_type=\"widget\" data-widget_type=\"text-editor.default\">\n\t\t\t\t\t\t\t\t\t<p data-start=\"60\" data-end=\"430\"><strong data-start=\"60\" data-end=\"107\">Pourhassani Mermer Ocaklar\u0131 ve \u0130\u015fleme Grubu<\/strong>, uzun ve k\u00f6kl\u00fc ge\u00e7mi\u015fiyle, \u0130ran&#8217;da do\u011fal ta\u015flar\u0131n \u00e7\u0131kar\u0131lmas\u0131 ve i\u015flenmesi konusunda faaliyet g\u00f6steren en b\u00fcy\u00fck ve en sayg\u0131n \u015firketlerden biridir. Bu grup, \u00fclkenin farkl\u0131 b\u00f6lgelerinde bulunan on aktif ve zengin do\u011fal ta\u015f oca\u011f\u0131 ile y\u0131llar i\u00e7inde piyasaya y\u00fcksek kaliteli ve \u00e7e\u015fitli do\u011fal ta\u015f kaynaklar\u0131 sunmay\u0131 ba\u015farm\u0131\u015ft\u0131r.<\/p><p data-start=\"432\" data-end=\"817\">Pourhassani Grubu, ta\u015f i\u015fleme konusunda geli\u015fmi\u015f makineler ve son teknoloji kullanarak, in\u015faat ve dekorasyon end\u00fcstrilerine geni\u015f bir \u00fcr\u00fcn yelpazesi sunmaktad\u0131r. Bu grubun aktif madenleri, traverten, oniks, mermer ve kristal ta\u015flar gibi \u00e7e\u015fitli ta\u015f t\u00fcrlerini i\u00e7ermekte olup, sadece i\u00e7 talebi kar\u015f\u0131lamakla kalmaz, ayn\u0131 zamanda ihracat yoluyla uluslararas\u0131 pazarlara da hitap etmektedir.<\/p><p data-start=\"819\" data-end=\"1489\">Uzman uzmanlar\u0131 ve \u00e7\u0131karma, i\u015fleme ve ambalajlama a\u015famalar\u0131nda k\u00fcresel standartlara s\u0131k\u0131 s\u0131k\u0131ya ba\u011fl\u0131l\u0131klar\u0131 sayesinde, Pourhassani Grubu ulusal ve uluslararas\u0131 ta\u015f end\u00fcstrisinde \u00f6nde gelen bir konum elde etmi\u015ftir. Grup, yenilik\u00e7i teknikler kullanmaya ve \u00fcretim s\u00fcrecini optimize etmeye s\u00fcrekli olarak \u00e7aba g\u00f6stererek, \u00fcst\u00fcn kalite, tutarl\u0131 performans ve s\u00fcrd\u00fcr\u00fclebilir uygulamalar sa\u011flamaktad\u0131r. M\u00fckemmeliyete ve m\u00fc\u015fteri memnuniyetine olan ba\u011fl\u0131l\u0131\u011f\u0131 ile, Pourhassani Mermer Ocaklar\u0131 ve \u0130\u015fleme Grubu, mimarlar, tasar\u0131mc\u0131lar ve in\u015faat \u015firketleri i\u00e7in g\u00fcvenilir bir ortak olmaya devam etmekte, g\u00fczellik, dayan\u0131kl\u0131l\u0131k ve zarafeti birle\u015ftiren do\u011fal ta\u015f \u00fcr\u00fcnleri sunmaktad\u0131r<\/p>\t\t\t\t\t\t\t\t<\/div>\n\t\t\t\t<\/div>\n\t\t\t\t<\/div>\n\t\t<div class=\"elementor-element elementor-element-67b2c75 elementor-hidden-desktop elementor-hidden-mobile e-flex e-con-boxed e-con e-parent\" data-id=\"67b2c75\" data-element_type=\"container\" data-settings=\"{&quot;background_background&quot;:&quot;gradient&quot;}\">\n\t\t\t\t\t<div class=\"e-con-inner\">\n\t\t\t\t<div class=\"elementor-element elementor-element-7b16416 elementor-widget elementor-widget-heading\" data-id=\"7b16416\" data-element_type=\"widget\" data-widget_type=\"heading.default\">\n\t\t\t\t\t<h2 class=\"elementor-heading-title elementor-size-default\"><br><br><br><br><br><br>Ta\u015f Ocaklar\u0131m\u0131z<br><br><br><br><br><\/h2>\t\t\t\t<\/div>\n\t\t\t\t\t<\/div>\n\t\t\t\t<\/div>\n\t\t<div class=\"elementor-element elementor-element-236d5e6 e-con-full e-flex e-con e-parent\" data-id=\"236d5e6\" data-element_type=\"container\" data-settings=\"{&quot;background_background&quot;:&quot;gradient&quot;}\">\n\t\t<div class=\"elementor-element elementor-element-af129f5 e-con-full e-flex e-con e-child\" data-id=\"af129f5\" data-element_type=\"container\" data-settings=\"{&quot;background_background&quot;:&quot;gradient&quot;}\">\n\t\t\t\t<div class=\"elementor-element elementor-element-febde08 elementor-hidden-tablet elementor-widget elementor-widget-heading\" data-id=\"febde08\" data-element_type=\"widget\" data-widget_type=\"heading.default\">\n\t\t\t\t\t<h2 class=\"elementor-heading-title elementor-size-default\"><br><br><br><br><br><br>Ta\u015f Ocaklar\u0131m\u0131z<br><br><br><br><br><\/h2>\t\t\t\t<\/div>\n\t\t\t\t<\/div>\n\t\t<div class=\"elementor-element elementor-element-d0d1f0b e-con-full e-flex e-con e-child\" data-id=\"d0d1f0b\" data-element_type=\"container\">\n\t\t\t\t<div class=\"elementor-element elementor-element-02f8e6c elementor-widget-tablet__width-initial elementor--h-position-center elementor--v-position-middle elementor-arrows-position-inside elementor-pagination-position-inside elementor-widget elementor-widget-slides\" data-id=\"02f8e6c\" data-element_type=\"widget\" data-settings=\"{&quot;autoplay_speed&quot;:3000,&quot;transition&quot;:&quot;fade&quot;,&quot;navigation&quot;:&quot;both&quot;,&quot;autoplay&quot;:&quot;yes&quot;,&quot;pause_on_hover&quot;:&quot;yes&quot;,&quot;pause_on_interaction&quot;:&quot;yes&quot;,&quot;infinite&quot;:&quot;yes&quot;,&quot;transition_speed&quot;:500}\" data-widget_type=\"slides.default\">\n\t\t\t\t\t\t\t\t\t\t<div class=\"elementor-slides-wrapper elementor-main-swiper swiper\" role=\"region\" aria-roledescription=\"carousel\" aria-label=\"Slides\" dir=\"ltr\" data-animation=\"fadeInLeft\">\r\n\t\t\t\t<div class=\"swiper-wrapper elementor-slides\">\r\n\t\t\t\t\t\t\t\t\t\t<div class=\"elementor-repeater-item-19f1dbb swiper-slide\" role=\"group\" aria-roledescription=\"slide\"><div class=\"swiper-slide-bg elementor-ken-burns elementor-ken-burns--out\" role=\"img\" aria-label=\"abbasabad-quarry\"><\/div><div class=\"elementor-background-overlay\"><\/div><div class=\"swiper-slide-inner\" ><div class=\"swiper-slide-contents\"><div class=\"elementor-slide-heading\">ABBAS ABAD TRAVERTINE<\/div><div class=\"elementor-slide-description\"><p>Uzun ve k\u00f6kl\u00fc bir ge\u00e7mi\u015fe sahip olan Pourhassani Madencilik ve \u0130\u015fleme Grubu, \u0130ran'\u0131n do\u011fal ta\u015f \u00e7\u0131karma ve i\u015fleme alan\u0131nda en b\u00fcy\u00fck ve en itibarl\u0131 i\u015fletmelerden biridir. \u00dclkenin farkl\u0131 b\u00f6lgelerinde on adet aktif ve zengin madeni bulunan bu grup, y\u0131llar i\u00e7inde pazara \u00e7e\u015fitli ve y\u00fcksek kaliteli do\u011fal ta\u015f kaynaklar\u0131 sa\u011flam\u0131\u015ft\u0131r.<\/p>\n<\/div><a href=\"https:\/\/isco-stone.com\/tr\/about-us\/\" class=\"elementor-button elementor-slide-button elementor-size-sm\">Hakk\u0131m\u0131zda<\/a><\/div><\/div><\/div><div class=\"elementor-repeater-item-eb14683 swiper-slide\" role=\"group\" aria-roledescription=\"slide\"><div class=\"swiper-slide-bg elementor-ken-burns elementor-ken-burns--out\" role=\"img\" aria-label=\"abaas-abad-quarry\"><\/div><div class=\"elementor-background-overlay\"><\/div><div class=\"swiper-slide-inner\" ><div class=\"swiper-slide-contents\"><div class=\"elementor-slide-heading\">ABBAS ABAD TRAVERTINE<\/div><div class=\"elementor-slide-description\"><p>Pourhassani Madencilik ve i\u015fleme Grubu,  \u0130ran'da do\u011fal ta\u015flar\u0131n \u00e7\u0131kar\u0131lmas\u0131 ve i\u015flenmesi alan\u0131nda faaliyet g\u00f6steren en b\u00fcy\u00fck ve en itibarl\u0131 \u015firketlerden biridir. <\/p>\n<\/div><a href=\"https:\/\/isco-stone.com\/tr\/about-us\/\" class=\"elementor-button elementor-slide-button elementor-size-sm\">Daha fazlas\u0131 i\u00e7in<\/a><\/div><\/div><\/div><div class=\"elementor-repeater-item-6892393 swiper-slide\" role=\"group\" aria-roledescription=\"slide\"><div class=\"swiper-slide-bg elementor-ken-burns elementor-ken-burns--in\" role=\"img\" aria-label=\"quarry\"><\/div><div class=\"elementor-background-overlay\"><\/div><div class=\"swiper-slide-inner\" ><div class=\"swiper-slide-contents\"><div class=\"elementor-slide-heading\">ABBAS ABAD TRAVERTINE<\/div><div class=\"elementor-slide-description\"><p>Ocaklardan kesim at\u00f6lyelerine kadar, kalite, dayan\u0131kl\u0131l\u0131k ve m\u00fc\u015fteri memnuniyeti \u00e7al\u0131\u015fmalar\u0131m\u0131z\u0131n ana temelidir. Sipari\u015finizi en k\u0131sa s\u00fcrede g\u00f6nderiniz.<\/p>\n<\/div><a href=\"https:\/\/isco-stone.com\/tr\/about-us\/\" class=\"elementor-button elementor-slide-button elementor-size-sm\">Daha fazlas\u0131 i\u00e7in<\/a><\/div><\/div><\/div>\t\t\t\t<\/div>\r\n\t\t\t\t\t\t\t\t\t\t\t\t\t\t\t<div class=\"elementor-swiper-button elementor-swiper-button-prev\" role=\"button\" tabindex=\"0\" aria-label=\"Previous slide\">\r\n\t\t\t\t\t\t\t<svg aria-hidden=\"true\" class=\"e-font-icon-svg e-eicon-chevron-left\" viewBox=\"0 0 1000 1000\" xmlns=\"http:\/\/www.w3.org\/2000\/svg\"><path d=\"M646 125C629 125 613 133 604 142L308 442C296 454 292 471 292 487 292 504 296 521 308 533L604 854C617 867 629 875 646 875 663 875 679 871 692 858 704 846 713 829 713 812 713 796 708 779 692 767L438 487 692 225C700 217 708 204 708 187 708 171 704 154 692 142 675 129 663 125 646 125Z\"><\/path><\/svg>\t\t\t\t\t\t<\/div>\r\n\t\t\t\t\t\t<div class=\"elementor-swiper-button elementor-swiper-button-next\" role=\"button\" tabindex=\"0\" aria-label=\"Next slide\">\r\n\t\t\t\t\t\t\t<svg aria-hidden=\"true\" class=\"e-font-icon-svg e-eicon-chevron-right\" viewBox=\"0 0 1000 1000\" xmlns=\"http:\/\/www.w3.org\/2000\/svg\"><path d=\"M696 533C708 521 713 504 713 487 713 471 708 454 696 446L400 146C388 133 375 125 354 125 338 125 325 129 313 142 300 154 292 171 292 187 292 204 296 221 308 233L563 492 304 771C292 783 288 800 288 817 288 833 296 850 308 863 321 871 338 875 354 875 371 875 388 867 400 854L696 533Z\"><\/path><\/svg>\t\t\t\t\t\t<\/div>\r\n\t\t\t\t\t\t\t\t\t\t\t\t\t\t\t\t<div class=\"swiper-pagination\"><\/div>\r\n\t\t\t\t\t\t\t\t\t\t\t\t<\/div>\r\n\t\t\t\t\t\t\t\t<\/div>\n\t\t\t\t<\/div>\n\t\t\t\t<\/div>\n\t\t\t\t<\/div>\n\t\t","protected":false},"excerpt":{"rendered":"<p>Pourhassani Madencilik ve Ta\u015f Ocak\u00e7\u0131lar\u0131 Grubu Pourhassani Mermer Ocaklar\u0131 ve \u0130\u015fleme Grubu, uzun ve k\u00f6kl\u00fc ge\u00e7mi\u015fiyle, \u0130ran&#8217;da do\u011fal ta\u015flar\u0131n \u00e7\u0131kar\u0131lmas\u0131 ve i\u015flenmesi konusunda faaliyet g\u00f6steren en<span class=\"excerpt-hellip\"> [\u2026]<\/span><\/p>\n","protected":false},"author":1,"featured_media":2353,"parent":0,"menu_order":0,"comment_status":"closed","ping_status":"closed","template":"elementor_header_footer","meta":{"footnotes":""},"class_list":["post-2396","page","type-page","status-publish","has-post-thumbnail","hentry"],"_links":{"self":[{"href":"https:\/\/isco-stone.com\/tr\/wp-json\/wp\/v2\/pages\/2396","targetHints":{"allow":["GET"]}}],"collection":[{"href":"https:\/\/isco-stone.com\/tr\/wp-json\/wp\/v2\/pages"}],"about":[{"href":"https:\/\/isco-stone.com\/tr\/wp-json\/wp\/v2\/types\/page"}],"author":[{"embeddable":true,"href":"https:\/\/isco-stone.com\/tr\/wp-json\/wp\/v2\/users\/1"}],"replies":[{"embeddable":true,"href":"https:\/\/isco-stone.com\/tr\/wp-json\/wp\/v2\/comments?post=2396"}],"version-history":[{"count":6,"href":"https:\/\/isco-stone.com\/tr\/wp-json\/wp\/v2\/pages\/2396\/revisions"}],"predecessor-version":[{"id":2463,"href":"https:\/\/isco-stone.com\/tr\/wp-json\/wp\/v2\/pages\/2396\/revisions\/2463"}],"wp:featuredmedia":[{"embeddable":true,"href":"https:\/\/isco-stone.com\/tr\/wp-json\/wp\/v2\/media\/2353"}],"wp:attachment":[{"href":"https:\/\/isco-stone.com\/tr\/wp-json\/wp\/v2\/media?parent=2396"}],"curies":[{"name":"wp","href":"https:\/\/api.w.org\/{rel}","templated":true}]}}