{"id":2381,"date":"2022-09-06T09:46:08","date_gmt":"2022-09-06T06:16:08","guid":{"rendered":"https:\/\/isco-stone.com\/about-us\/"},"modified":"2025-11-26T12:43:02","modified_gmt":"2025-11-26T09:13:02","slug":"about-us","status":"publish","type":"page","link":"https:\/\/isco-stone.com\/tr\/about-us\/","title":{"rendered":"About us"},"content":{"rendered":"\t\t<div data-elementor-type=\"wp-page\" data-elementor-id=\"2381\" class=\"elementor elementor-2381 elementor-165\" data-elementor-post-type=\"page\">\n\t\t\t\t\t\t<section class=\"elementor-section elementor-top-section elementor-element elementor-element-fbe56f8 elementor-section-height-min-height elementor-section-stretched elementor-section-full_width elementor-section-height-default elementor-section-items-middle\" data-id=\"fbe56f8\" data-element_type=\"section\" data-settings=\"{&quot;stretch_section&quot;:&quot;section-stretched&quot;,&quot;background_background&quot;:&quot;classic&quot;}\">\n\t\t\t\t\t\t\t<div class=\"elementor-background-overlay\"><\/div>\n\t\t\t\t\t\t\t<div class=\"elementor-container elementor-column-gap-default\">\n\t\t\t\t\t<div class=\"elementor-column elementor-col-100 elementor-top-column elementor-element elementor-element-6188fea\" data-id=\"6188fea\" data-element_type=\"column\">\n\t\t\t<div class=\"elementor-widget-wrap elementor-element-populated\">\n\t\t\t\t\t\t<section class=\"elementor-section elementor-inner-section elementor-element elementor-element-6c136cd elementor-section-boxed elementor-section-height-default elementor-section-height-default\" data-id=\"6c136cd\" data-element_type=\"section\" data-settings=\"{&quot;background_background&quot;:&quot;classic&quot;}\">\n\t\t\t\t\t\t<div class=\"elementor-container elementor-column-gap-default\">\n\t\t\t\t\t<div class=\"elementor-column elementor-col-50 elementor-inner-column elementor-element elementor-element-0e05133\" data-id=\"0e05133\" data-element_type=\"column\">\n\t\t\t<div class=\"elementor-widget-wrap elementor-element-populated\">\n\t\t\t\t\t\t<div class=\"elementor-element elementor-element-b0d8ce7 elementor-widget elementor-widget-heading\" data-id=\"b0d8ce7\" data-element_type=\"widget\" data-widget_type=\"heading.default\">\n\t\t\t\t\t<h1 class=\"elementor-heading-title elementor-size-default\">\u0130SCO TA\u015e MERMER_Pourhassani Madencilik ve Ta\u015f Ocak\u00e7\u0131lar\u0131 Grubu<\/h1>\t\t\t\t<\/div>\n\t\t\t\t<div class=\"elementor-element elementor-element-57b0dc3 elementor-widget__width-initial elementor-widget-mobile__width-initial elementor-widget elementor-widget-text-editor\" data-id=\"57b0dc3\" data-element_type=\"widget\" data-widget_type=\"text-editor.default\">\n\t\t\t\t\t\t\t\t\t<p><style>\n    .text-stroke {<br \/>      color: white; \/* \u0631\u0646\u06af \u0645\u062a\u0646 \u0627\u0635\u0644\u06cc *\/<br \/>      -webkit-text-stroke: 0.5px black; \/* \u062d\u0627\u0634\u06cc\u0647 \u0645\u0634\u06a9\u06cc *\/<br \/>      font-size: 20px;<br \/>    }<br \/>  <\/style><\/p><p>\u00dclkemizin en zengin madenlerinden do\u011fal ta\u015flar\u0131n \u00e7\u0131kar\u0131lmas\u0131 ve i\u015flenmesinde, mimaride kal\u0131c\u0131 \u015faheserlerin yarat\u0131lmas\u0131nda lider!<\/p><p style=\"text-align: justify;\">\u00a0<\/p>\t\t\t\t\t\t\t\t<\/div>\n\t\t\t\t<div class=\"elementor-element elementor-element-b687838 elementor-align-left elementor-tablet-align-center elementor-hidden-mobile elementor-widget elementor-widget-button\" data-id=\"b687838\" data-element_type=\"widget\" data-widget_type=\"button.default\">\n\t\t\t\t\t\t\t\t\t\t<a class=\"elementor-button elementor-button-link elementor-size-sm\" href=\"https:\/\/isco-stone.com\/tr\/contact\/\">\n\t\t\t\t\t\t<span class=\"elementor-button-content-wrapper\">\n\t\t\t\t\t\t\t\t\t<span class=\"elementor-button-text\">Bize Ula\u015f\u0131n<\/span>\n\t\t\t\t\t<\/span>\n\t\t\t\t\t<\/a>\n\t\t\t\t\t\t\t\t<\/div>\n\t\t\t\t\t<\/div>\n\t\t<\/div>\n\t\t\t\t<div class=\"elementor-column elementor-col-50 elementor-inner-column elementor-element elementor-element-c816194 elementor-hidden-tablet\" data-id=\"c816194\" data-element_type=\"column\">\n\t\t\t<div class=\"elementor-widget-wrap\">\n\t\t\t\t\t\t\t<\/div>\n\t\t<\/div>\n\t\t\t\t\t<\/div>\n\t\t<\/section>\n\t\t\t\t\t<\/div>\n\t\t<\/div>\n\t\t\t\t\t<\/div>\n\t\t<\/section>\n\t\t\t\t<section class=\"elementor-section elementor-top-section elementor-element elementor-element-1e1d34d elementor-section-stretched elementor-section-boxed elementor-section-height-default elementor-section-height-default\" data-id=\"1e1d34d\" data-element_type=\"section\" data-settings=\"{&quot;stretch_section&quot;:&quot;section-stretched&quot;}\">\n\t\t\t\t\t\t<div class=\"elementor-container elementor-column-gap-wider\">\n\t\t\t\t\t<div class=\"elementor-column elementor-col-100 elementor-top-column elementor-element elementor-element-9a97385\" data-id=\"9a97385\" data-element_type=\"column\">\n\t\t\t<div class=\"elementor-widget-wrap elementor-element-populated\">\n\t\t\t\t<div class=\"elementor-element elementor-element-8f23de8 e-flex e-con-boxed e-con e-parent\" data-id=\"8f23de8\" data-element_type=\"container\">\n\t\t\t\t\t<div class=\"e-con-inner\">\n\t\t\t\t<div class=\"elementor-element elementor-element-0fda6d7 elementor-widget elementor-widget-heading\" data-id=\"0fda6d7\" data-element_type=\"widget\" data-widget_type=\"heading.default\">\n\t\t\t\t\t<h2 class=\"elementor-heading-title elementor-size-default\">Neden \u0130sco Ta\u015f Mermer _Pourhassani Madencilik ve Ta\u015f Ocak\u00e7\u0131lar\u0131 Grubu!<\/h2>\t\t\t\t<\/div>\n\t\t\t\t\t<\/div>\n\t\t\t\t<\/div>\n\t\t\t\t<section class=\"elementor-section elementor-inner-section elementor-element elementor-element-2a6b8c2 elementor-section-full_width elementor-section-height-default elementor-section-height-default\" data-id=\"2a6b8c2\" data-element_type=\"section\">\n\t\t\t\t\t\t<div class=\"elementor-container elementor-column-gap-default\">\n\t\t\t\t\t<div class=\"elementor-column elementor-col-25 elementor-inner-column elementor-element elementor-element-cea7222\" data-id=\"cea7222\" data-element_type=\"column\">\n\t\t\t<div class=\"elementor-widget-wrap elementor-element-populated\">\n\t\t\t\t\t\t<div class=\"elementor-element elementor-element-eca5d01 elementor-position-top elementor-widget elementor-widget-image-box\" data-id=\"eca5d01\" data-element_type=\"widget\" data-widget_type=\"image-box.default\">\n\t\t\t\t\t<div class=\"elementor-image-box-wrapper\"><figure class=\"elementor-image-box-img\"><img fetchpriority=\"high\" decoding=\"async\" width=\"250\" height=\"250\" src=\"https:\/\/isco-stone.com\/wp-content\/uploads\/2025\/10\/3-01.png\" class=\"attachment-full size-full wp-image-2349\" alt=\"\" srcset=\"https:\/\/isco-stone.com\/wp-content\/uploads\/2025\/10\/3-01.png 250w, https:\/\/isco-stone.com\/wp-content\/uploads\/2025\/10\/3-01-150x150.png 150w, https:\/\/isco-stone.com\/wp-content\/uploads\/2025\/10\/3-01-75x75.png 75w\" sizes=\"(max-width:767px) 250px, 250px\" \/><\/figure><div class=\"elementor-image-box-content\"><h5 class=\"elementor-image-box-title\">En iyi kaliteyle y\u00fcksek \u00fcretim kapasitesi<\/h5><p class=\"elementor-image-box-description\">Slap ve Tile i\u015flemek i\u00e7in donat\u0131lm\u0131\u015f 3 \u00fcretim hatt\u0131na sahip<\/p><\/div><\/div>\t\t\t\t<\/div>\n\t\t\t\t\t<\/div>\n\t\t<\/div>\n\t\t\t\t<div class=\"elementor-column elementor-col-25 elementor-inner-column elementor-element elementor-element-8ea2115\" data-id=\"8ea2115\" data-element_type=\"column\">\n\t\t\t<div class=\"elementor-widget-wrap elementor-element-populated\">\n\t\t\t\t\t\t<div class=\"elementor-element elementor-element-a2d0556 elementor-position-top elementor-widget elementor-widget-image-box\" data-id=\"a2d0556\" data-element_type=\"widget\" data-widget_type=\"image-box.default\">\n\t\t\t\t\t<div class=\"elementor-image-box-wrapper\"><figure class=\"elementor-image-box-img\"><img decoding=\"async\" width=\"250\" height=\"250\" src=\"https:\/\/isco-stone.com\/wp-content\/uploads\/2025\/10\/4-01.png\" class=\"attachment-full size-full wp-image-2350\" alt=\"\" srcset=\"https:\/\/isco-stone.com\/wp-content\/uploads\/2025\/10\/4-01.png 250w, https:\/\/isco-stone.com\/wp-content\/uploads\/2025\/10\/4-01-150x150.png 150w, https:\/\/isco-stone.com\/wp-content\/uploads\/2025\/10\/4-01-75x75.png 75w\" sizes=\"(max-width:767px) 250px, 250px\" \/><\/figure><div class=\"elementor-image-box-content\"><h5 class=\"elementor-image-box-title\">Teknik Bilgi ve son teknoloji Ekipmanlar<\/h5><p class=\"elementor-image-box-description\">Son d\u00fcnya teknolojilerine uygun geli\u015fmi\u015f \u00fcretim hatlar\u0131yla donat\u0131lm\u0131\u015f<\/p><\/div><\/div>\t\t\t\t<\/div>\n\t\t\t\t\t<\/div>\n\t\t<\/div>\n\t\t\t\t<div class=\"elementor-column elementor-col-25 elementor-inner-column elementor-element elementor-element-9c9b12f\" data-id=\"9c9b12f\" data-element_type=\"column\">\n\t\t\t<div class=\"elementor-widget-wrap elementor-element-populated\">\n\t\t\t\t\t\t<div class=\"elementor-element elementor-element-3171c5f elementor-position-top elementor-widget elementor-widget-image-box\" data-id=\"3171c5f\" data-element_type=\"widget\" data-widget_type=\"image-box.default\">\n\t\t\t\t\t<div class=\"elementor-image-box-wrapper\"><figure class=\"elementor-image-box-img\"><img decoding=\"async\" width=\"250\" height=\"250\" src=\"https:\/\/isco-stone.com\/wp-content\/uploads\/2025\/10\/1-01.png\" class=\"attachment-full size-full wp-image-2351\" alt=\"\" srcset=\"https:\/\/isco-stone.com\/wp-content\/uploads\/2025\/10\/1-01.png 250w, https:\/\/isco-stone.com\/wp-content\/uploads\/2025\/10\/1-01-150x150.png 150w, https:\/\/isco-stone.com\/wp-content\/uploads\/2025\/10\/1-01-75x75.png 75w\" sizes=\"(max-width:767px) 250px, 250px\" \/><\/figure><div class=\"elementor-image-box-content\"><h5 class=\"elementor-image-box-title\">Zengin Ocaklar<\/h5><p class=\"elementor-image-box-description\">On adet aktif ve zengin do\u011fal ta\u015f oca\u011f\u0131 bulunmaktad\u0131r <\/p><\/div><\/div>\t\t\t\t<\/div>\n\t\t\t\t\t<\/div>\n\t\t<\/div>\n\t\t\t\t<div class=\"elementor-column elementor-col-25 elementor-inner-column elementor-element elementor-element-ee07d63\" data-id=\"ee07d63\" data-element_type=\"column\">\n\t\t\t<div class=\"elementor-widget-wrap elementor-element-populated\">\n\t\t\t\t\t\t<div class=\"elementor-element elementor-element-9c27d45 elementor-position-top elementor-widget elementor-widget-image-box\" data-id=\"9c27d45\" data-element_type=\"widget\" data-widget_type=\"image-box.default\">\n\t\t\t\t\t<div class=\"elementor-image-box-wrapper\"><figure class=\"elementor-image-box-img\"><img loading=\"lazy\" decoding=\"async\" width=\"250\" height=\"250\" src=\"https:\/\/isco-stone.com\/wp-content\/uploads\/2025\/10\/2-01.png\" class=\"attachment-full size-full wp-image-2352\" alt=\"\" srcset=\"https:\/\/isco-stone.com\/wp-content\/uploads\/2025\/10\/2-01.png 250w, https:\/\/isco-stone.com\/wp-content\/uploads\/2025\/10\/2-01-150x150.png 150w, https:\/\/isco-stone.com\/wp-content\/uploads\/2025\/10\/2-01-75x75.png 75w\" sizes=\"(max-width:767px) 250px, 250px\" \/><\/figure><div class=\"elementor-image-box-content\"><h5 class=\"elementor-image-box-title\">Zaman Y\u00f6netimi<\/h5><p class=\"elementor-image-box-description\">Sipari\u015finizi en k\u0131sa s\u00fcrede g\u00f6nderin<\/p><\/div><\/div>\t\t\t\t<\/div>\n\t\t\t\t\t<\/div>\n\t\t<\/div>\n\t\t\t\t\t<\/div>\n\t\t<\/section>\n\t\t\t\t\t<\/div>\n\t\t<\/div>\n\t\t\t\t\t<\/div>\n\t\t<\/section>\n\t\t<div class=\"elementor-element elementor-element-86a4b41 e-con-full elementor-hidden-mobile e-flex e-con e-parent\" data-id=\"86a4b41\" data-element_type=\"container\" data-settings=\"{&quot;background_background&quot;:&quot;classic&quot;}\">\n\t\t<div class=\"elementor-element elementor-element-5b339c2 e-con-full e-flex e-con e-child\" data-id=\"5b339c2\" data-element_type=\"container\" data-settings=\"{&quot;background_background&quot;:&quot;classic&quot;}\">\n\t\t\t\t<div class=\"elementor-element elementor-element-b4b63a4 elementor-hidden-mobile elementor-widget elementor-widget-heading\" data-id=\"b4b63a4\" data-element_type=\"widget\" data-widget_type=\"heading.default\">\n\t\t\t\t\t<h2 class=\"elementor-heading-title elementor-size-default\"><br>\u00dclkenin En Zengin Ta\u015f Ocaklar\u0131n\u0131n Derinliklerinden<br>Do\u011fan\u0131n g\u00fczelli\u011finin dokunu\u015funuzla canland\u0131\u011f\u0131 yer!!<\/h2>\t\t\t\t<\/div>\n\t\t\t\t<\/div>\n\t\t\t\t<\/div>\n\t\t\t\t<section class=\"elementor-section elementor-top-section elementor-element elementor-element-5b5e120 elementor-section-stretched elementor-section-height-min-height elementor-hidden-desktop elementor-hidden-tablet elementor-section-boxed elementor-section-height-default elementor-section-items-middle\" data-id=\"5b5e120\" data-element_type=\"section\" data-settings=\"{&quot;stretch_section&quot;:&quot;section-stretched&quot;,&quot;background_background&quot;:&quot;classic&quot;}\">\n\t\t\t\t\t\t<div class=\"elementor-container elementor-column-gap-wider\">\n\t\t\t\t\t<div class=\"elementor-column elementor-col-100 elementor-top-column elementor-element elementor-element-ee31f97\" data-id=\"ee31f97\" data-element_type=\"column\">\n\t\t\t<div class=\"elementor-widget-wrap\">\n\t\t\t\t\t\t\t<\/div>\n\t\t<\/div>\n\t\t\t\t\t<\/div>\n\t\t<\/section>\n\t\t<div class=\"elementor-element elementor-element-79df30a e-con-full e-flex e-con e-parent\" data-id=\"79df30a\" data-element_type=\"container\">\n\t\t<div class=\"elementor-element elementor-element-d30519b e-con-full e-flex e-con e-child\" data-id=\"d30519b\" data-element_type=\"container\">\n\t\t\t\t<div class=\"elementor-element elementor-element-313d000 elementor-widget elementor-widget-heading\" data-id=\"313d000\" data-element_type=\"widget\" data-widget_type=\"heading.default\">\n\t\t\t\t\t<h2 class=\"elementor-heading-title elementor-size-default\">Bizi daha fazla tan\u0131y\u0131n!<\/h2>\t\t\t\t<\/div>\n\t\t\t\t<div class=\"elementor-element elementor-element-1896c62 elementor-widget__width-initial elementor-widget-mobile__width-initial elementor-widget elementor-widget-heading\" data-id=\"1896c62\" data-element_type=\"widget\" data-widget_type=\"heading.default\">\n\t\t\t\t\t<h2 class=\"elementor-heading-title elementor-size-default\">Ta\u015f sekt\u00f6r\u00fcnde yar\u0131m as\u0131rdan fazla deneyime sahip olan firmam\u0131z, \u0130ran'da yap\u0131 ta\u015f\u0131 \u00e7\u0131karma ve i\u015fleme alan\u0131nda \u00f6nc\u00fclerden biridir. Faaliyetlerimiz, do\u011fal ta\u015f ocaklar\u0131n\u0131n i\u015fletilmesinden ba\u015flayarak \u00fcretimin son a\u015famalar\u0131na kadar devam etmekte olup, geli\u015fmi\u015f ta\u015f kesme makineleri kullan\u0131larak hassas ve y\u00fcksek kaliteli i\u015fleme garanti edilmektedir. Kaliteye ba\u011fl\u0131l\u0131k, i\u015f birli\u011finde d\u00fcr\u00fcstl\u00fck ve in\u015faat, mimari ve ihracat projeleri i\u00e7in \u00e7e\u015fitli ta\u015f koleksiyonlar\u0131 sunmak her zaman \u00f6nceliklerimiz olmu\u015ftur<br><br>\n\n\n\n<\/h2>\t\t\t\t<\/div>\n\t\t\t\t<div class=\"elementor-element elementor-element-d21b14b elementor-widget elementor-widget-heading\" data-id=\"d21b14b\" data-element_type=\"widget\" data-settings=\"{&quot;motion_fx_motion_fx_scrolling&quot;:&quot;yes&quot;,&quot;motion_fx_devices&quot;:[&quot;desktop&quot;,&quot;tablet&quot;,&quot;mobile&quot;]}\" data-widget_type=\"heading.default\">\n\t\t\t\t\t<h2 class=\"elementor-heading-title elementor-size-default\">Pourhassani Grubu<\/h2>\t\t\t\t<\/div>\n\t\t\t\t<\/div>\n\t\t<div class=\"elementor-element elementor-element-8d42e04 e-con-full elementor-hidden-mobile e-flex e-con e-child\" data-id=\"8d42e04\" data-element_type=\"container\">\n\t\t\t\t<div class=\"elementor-element elementor-element-6dfb2d9 elementor-widget elementor-widget-image\" data-id=\"6dfb2d9\" data-element_type=\"widget\" data-widget_type=\"image.default\">\n\t\t\t\t\t\t\t\t\t\t\t\t\t\t\t<img loading=\"lazy\" decoding=\"async\" width=\"675\" height=\"1200\" src=\"https:\/\/isco-stone.com\/wp-content\/uploads\/2025\/10\/story-675x1200.jpg\" class=\"attachment-large size-large wp-image-2354\" alt=\"\" srcset=\"https:\/\/isco-stone.com\/wp-content\/uploads\/2025\/10\/story-675x1200.jpg 675w, https:\/\/isco-stone.com\/wp-content\/uploads\/2025\/10\/story-281x500.jpg 281w, https:\/\/isco-stone.com\/wp-content\/uploads\/2025\/10\/story-169x300.jpg 169w, https:\/\/isco-stone.com\/wp-content\/uploads\/2025\/10\/story-768x1365.jpg 768w, https:\/\/isco-stone.com\/wp-content\/uploads\/2025\/10\/story-864x1536.jpg 864w, https:\/\/isco-stone.com\/wp-content\/uploads\/2025\/10\/story-42x75.jpg 42w, https:\/\/isco-stone.com\/wp-content\/uploads\/2025\/10\/story-480x853.jpg 480w, https:\/\/isco-stone.com\/wp-content\/uploads\/2025\/10\/story-800x1422.jpg 800w, https:\/\/isco-stone.com\/wp-content\/uploads\/2025\/10\/story.jpg 1080w\" sizes=\"(max-width:767px) 360px, 675px\" \/>\t\t\t\t\t\t\t\t\t\t\t\t\t\t\t<\/div>\n\t\t\t\t<\/div>\n\t\t\t\t<\/div>\n\t\t<div class=\"elementor-element elementor-element-b3c2208 e-con-full elementor-hidden-mobile e-flex e-con e-parent\" data-id=\"b3c2208\" data-element_type=\"container\" data-settings=\"{&quot;background_background&quot;:&quot;classic&quot;}\">\n\t\t<div class=\"elementor-element elementor-element-6b77ca1 e-con-full e-flex e-con e-child\" data-id=\"6b77ca1\" data-element_type=\"container\" data-settings=\"{&quot;background_background&quot;:&quot;classic&quot;}\">\n\t\t\t\t<div class=\"elementor-element elementor-element-fcb2cc8 elementor-hidden-mobile elementor-widget elementor-widget-heading\" data-id=\"fcb2cc8\" data-element_type=\"widget\" data-widget_type=\"heading.default\">\n\t\t\t\t\t<h2 class=\"elementor-heading-title elementor-size-default\"><br> Pourhassani Stone Factories utilize state-of-the-art stone cutting and <br> processing equipment to ensure superior precision and exceptional quality!<\/h2>\t\t\t\t<\/div>\n\t\t\t\t<\/div>\n\t\t\t\t<\/div>\n\t\t\t\t<section class=\"elementor-section elementor-top-section elementor-element elementor-element-a6a9855 elementor-section-stretched elementor-section-height-min-height elementor-hidden-desktop elementor-hidden-tablet elementor-section-boxed elementor-section-height-default elementor-section-items-middle\" data-id=\"a6a9855\" data-element_type=\"section\" data-settings=\"{&quot;stretch_section&quot;:&quot;section-stretched&quot;,&quot;background_background&quot;:&quot;classic&quot;}\">\n\t\t\t\t\t\t<div class=\"elementor-container elementor-column-gap-wider\">\n\t\t\t\t\t<div class=\"elementor-column elementor-col-100 elementor-top-column elementor-element elementor-element-27aa09f\" data-id=\"27aa09f\" data-element_type=\"column\">\n\t\t\t<div class=\"elementor-widget-wrap\">\n\t\t\t\t\t\t\t<\/div>\n\t\t<\/div>\n\t\t\t\t\t<\/div>\n\t\t<\/section>\n\t\t\t\t<\/div>\n\t\t","protected":false},"excerpt":{"rendered":"<p>\u0130SCO TA\u015e MERMER_Pourhassani Madencilik ve Ta\u015f Ocak\u00e7\u0131lar\u0131 Grubu \u00dclkemizin en zengin madenlerinden do\u011fal ta\u015flar\u0131n \u00e7\u0131kar\u0131lmas\u0131 ve i\u015flenmesinde, mimaride kal\u0131c\u0131 \u015faheserlerin yarat\u0131lmas\u0131nda lider! \u00a0 Bize Ula\u015f\u0131n Neden<span class=\"excerpt-hellip\"> [\u2026]<\/span><\/p>\n","protected":false},"author":1,"featured_media":2356,"parent":0,"menu_order":0,"comment_status":"open","ping_status":"closed","template":"","meta":{"footnotes":""},"class_list":["post-2381","page","type-page","status-publish","has-post-thumbnail","hentry"],"_links":{"self":[{"href":"https:\/\/isco-stone.com\/tr\/wp-json\/wp\/v2\/pages\/2381","targetHints":{"allow":["GET"]}}],"collection":[{"href":"https:\/\/isco-stone.com\/tr\/wp-json\/wp\/v2\/pages"}],"about":[{"href":"https:\/\/isco-stone.com\/tr\/wp-json\/wp\/v2\/types\/page"}],"author":[{"embeddable":true,"href":"https:\/\/isco-stone.com\/tr\/wp-json\/wp\/v2\/users\/1"}],"replies":[{"embeddable":true,"href":"https:\/\/isco-stone.com\/tr\/wp-json\/wp\/v2\/comments?post=2381"}],"version-history":[{"count":16,"href":"https:\/\/isco-stone.com\/tr\/wp-json\/wp\/v2\/pages\/2381\/revisions"}],"predecessor-version":[{"id":2697,"href":"https:\/\/isco-stone.com\/tr\/wp-json\/wp\/v2\/pages\/2381\/revisions\/2697"}],"wp:featuredmedia":[{"embeddable":true,"href":"https:\/\/isco-stone.com\/tr\/wp-json\/wp\/v2\/media\/2356"}],"wp:attachment":[{"href":"https:\/\/isco-stone.com\/tr\/wp-json\/wp\/v2\/media?parent=2381"}],"curies":[{"name":"wp","href":"https:\/\/api.w.org\/{rel}","templated":true}]}}